{"id":359,"date":"2017-01-10T00:30:58","date_gmt":"2017-01-09T23:30:58","guid":{"rendered":"http:\/\/151.80.143.109\/?page_id=359&#038;lang=fr"},"modified":"2019-02-17T04:50:16","modified_gmt":"2019-02-17T03:50:16","slug":"son-deces","status":"publish","type":"page","link":"https:\/\/cheikh-maelainin.com\/?page_id=359&lang=fr","title":{"rendered":"Son d\u00e9c\u00e8s"},"content":{"rendered":"<p>Ma El A\u00efnin ou Ma al-&#8216;Aynayn, Mel-Aynin et autres translitt\u00e9rations (Mohamad Mustafa Ould Sheikh Mohamad Fadel) est un cheikh maure du Sahara occidental de la fin du xixe si\u00e8cle et du d\u00e9but du xxe, n\u00e9 vers 18311 pr\u00e8s de Oualata, en Mauritanie du sud-est, mort le 25 octobre 1910 \u00e0 Tiznit au sud du Maroc<\/p>\n","protected":false},"excerpt":{"rendered":"Ma El A\u00efnin ou Ma al-&#8216;Aynayn, Mel-Aynin et autres translitt\u00e9rations (Mohamad Mustafa Ould Sheikh Mohamad Fadel) est un cheikh maure du Sahara occidental de la fin du xixe si\u00e8cle et du d\u00e9but du xxe, n\u00e9 vers 18311 pr\u00e8s de Oualata, en Mauritanie du sud-est, mort le 25 octobre 1910 \u00e0 Tiznit au sud du Maroc","protected":false},"author":1,"featured_media":0,"parent":135,"menu_order":0,"comment_status":"closed","ping_status":"closed","template":"","meta":{"_acf_changed":false,"om_disable_all_campaigns":false,"_monsterinsights_skip_tracking":false,"_monsterinsights_sitenote_active":false,"_monsterinsights_sitenote_note":"","_monsterinsights_sitenote_category":0,"footnotes":""},"class_list":["post-359","page","type-page","status-publish","hentry"],"acf":[],"aioseo_notices":[],"_links":{"self":[{"href":"https:\/\/cheikh-maelainin.com\/index.php?rest_route=\/wp\/v2\/pages\/359","targetHints":{"allow":["GET"]}}],"collection":[{"href":"https:\/\/cheikh-maelainin.com\/index.php?rest_route=\/wp\/v2\/pages"}],"about":[{"href":"https:\/\/cheikh-maelainin.com\/index.php?rest_route=\/wp\/v2\/types\/page"}],"author":[{"embeddable":true,"href":"https:\/\/cheikh-maelainin.com\/index.php?rest_route=\/wp\/v2\/users\/1"}],"replies":[{"embeddable":true,"href":"https:\/\/cheikh-maelainin.com\/index.php?rest_route=%2Fwp%2Fv2%2Fcomments&post=359"}],"version-history":[{"count":4,"href":"https:\/\/cheikh-maelainin.com\/index.php?rest_route=\/wp\/v2\/pages\/359\/revisions"}],"predecessor-version":[{"id":3552,"href":"https:\/\/cheikh-maelainin.com\/index.php?rest_route=\/wp\/v2\/pages\/359\/revisions\/3552"}],"up":[{"embeddable":true,"href":"https:\/\/cheikh-maelainin.com\/index.php?rest_route=\/wp\/v2\/pages\/135"}],"wp:attachment":[{"href":"https:\/\/cheikh-maelainin.com\/index.php?rest_route=%2Fwp%2Fv2%2Fmedia&parent=359"}],"curies":[{"name":"wp","href":"https:\/\/api.w.org\/{rel}","templated":true}]}}