{"id":146,"date":"2016-11-11T19:34:14","date_gmt":"2016-11-11T18:34:14","guid":{"rendered":"http:\/\/151.80.143.109\/fr\/%d8%a7%d9%84%d8%b4%d8%ae%d8%b5%d9%8a%d8%a7%d8%aa\/"},"modified":"2017-05-12T21:20:52","modified_gmt":"2017-05-12T19:20:52","slug":"%d8%a7%d9%84%d8%b4%d8%ae%d8%b5%d9%8a%d8%a7%d8%aa","status":"publish","type":"page","link":"https:\/\/cheikh-maelainin.com\/?page_id=146&lang=fr","title":{"rendered":"Personnalit\u00e9s"},"content":{"rendered":"<p><span lang=\"fr\">Sur les traces de leurs p\u00e9re, les fils du cheikh auront marqu\u00e9 l&#8217;histoire par leur legue. Ils sont des moudjahidin, des po\u00e8tes, des \u00e9crivains. Certain sont morts jeunes et certains d&#8217;entre eux ont pas laiss\u00e9 de fils.<\/span><\/p>\n<p><span lang=\"fr\">le clan (tribu) Maelainin, est form\u00e9e aussi par une constellation de fr\u00e9res, de soeurs, de cousins et de neveux que le cheikh a rassembl\u00e9 autour de lui. S&#8217;y ajoutent quelques notables de tribus connues et les valeureux \u00e9rudits qui l&#8217;ont accompagn\u00e9 durant ses voyages. \u00a0<\/span><\/p>\n<p>&nbsp;<\/p>\n","protected":false},"excerpt":{"rendered":"Sur les traces de leurs p\u00e9re, les fils du cheikh auront marqu\u00e9 l&#8217;histoire par leur legue. Ils sont des moudjahidin, des po\u00e8tes, des \u00e9crivains. Certain sont morts jeunes et certains d&#8217;entre eux ont pas laiss\u00e9 de fils. le clan (tribu) Maelainin, est form\u00e9e aussi par une constellation de fr\u00e9res, de soeurs, de cousins et de","protected":false},"author":1,"featured_media":0,"parent":0,"menu_order":0,"comment_status":"closed","ping_status":"closed","template":"","meta":{"_acf_changed":false,"om_disable_all_campaigns":false,"_monsterinsights_skip_tracking":false,"_monsterinsights_sitenote_active":false,"_monsterinsights_sitenote_note":"","_monsterinsights_sitenote_category":0,"footnotes":""},"class_list":["post-146","page","type-page","status-publish","hentry"],"acf":[],"aioseo_notices":[],"_links":{"self":[{"href":"https:\/\/cheikh-maelainin.com\/index.php?rest_route=\/wp\/v2\/pages\/146","targetHints":{"allow":["GET"]}}],"collection":[{"href":"https:\/\/cheikh-maelainin.com\/index.php?rest_route=\/wp\/v2\/pages"}],"about":[{"href":"https:\/\/cheikh-maelainin.com\/index.php?rest_route=\/wp\/v2\/types\/page"}],"author":[{"embeddable":true,"href":"https:\/\/cheikh-maelainin.com\/index.php?rest_route=\/wp\/v2\/users\/1"}],"replies":[{"embeddable":true,"href":"https:\/\/cheikh-maelainin.com\/index.php?rest_route=%2Fwp%2Fv2%2Fcomments&post=146"}],"version-history":[{"count":3,"href":"https:\/\/cheikh-maelainin.com\/index.php?rest_route=\/wp\/v2\/pages\/146\/revisions"}],"predecessor-version":[{"id":714,"href":"https:\/\/cheikh-maelainin.com\/index.php?rest_route=\/wp\/v2\/pages\/146\/revisions\/714"}],"wp:attachment":[{"href":"https:\/\/cheikh-maelainin.com\/index.php?rest_route=%2Fwp%2Fv2%2Fmedia&parent=146"}],"curies":[{"name":"wp","href":"https:\/\/api.w.org\/{rel}","templated":true}]}}