{"id":135,"date":"2016-11-16T18:41:48","date_gmt":"2016-11-16T17:41:48","guid":{"rendered":"http:\/\/151.80.143.109\/fr\/%d8%a7%d9%84%d8%b4%d9%8a%d8%ae-%d9%85%d8%a7%d8%a1-%d8%a7%d9%84%d8%b9%d9%8a%d9%86%d9%8a%d9%86\/"},"modified":"2023-05-20T15:11:33","modified_gmt":"2023-05-20T14:11:33","slug":"cheikh-maelainin","status":"publish","type":"page","link":"https:\/\/cheikh-maelainin.com\/?page_id=135&lang=fr","title":{"rendered":"Cheikh Maelainin"},"content":{"rendered":"<p>Ma El A\u00efnin ou Ma al-&#8216;Aynayn, Mel-Aynin et autres translitt\u00e9rations (Mohamad Mustafa Ould Sheikh Mohamad Fadel) est un cheikh maure du Sahara\u00a0 de la fin du xixe si\u00e8cle et du d\u00e9but du xxe, n\u00e9 vers 1831 pr\u00e8s de Oualata, en Mauritanie du sud-est, mort le 23 octobre 1910 \u00e0 Tiznit au sud du Maroc.<\/p>\n","protected":false},"excerpt":{"rendered":"Ma El A\u00efnin ou Ma al-&#8216;Aynayn, Mel-Aynin et autres translitt\u00e9rations (Mohamad Mustafa Ould Sheikh Mohamad Fadel) est un cheikh maure du Sahara\u00a0 de la fin du xixe si\u00e8cle et du d\u00e9but du xxe, n\u00e9 vers 1831 pr\u00e8s de Oualata, en Mauritanie du sud-est, mort le 23 octobre 1910 \u00e0 Tiznit au sud du Maroc.","protected":false},"author":1,"featured_media":0,"parent":0,"menu_order":0,"comment_status":"closed","ping_status":"closed","template":"","meta":{"_acf_changed":false,"om_disable_all_campaigns":false,"_monsterinsights_skip_tracking":false,"_monsterinsights_sitenote_active":false,"_monsterinsights_sitenote_note":"","_monsterinsights_sitenote_category":0,"footnotes":""},"class_list":["post-135","page","type-page","status-publish","hentry"],"acf":[],"aioseo_notices":[],"_links":{"self":[{"href":"https:\/\/cheikh-maelainin.com\/index.php?rest_route=\/wp\/v2\/pages\/135","targetHints":{"allow":["GET"]}}],"collection":[{"href":"https:\/\/cheikh-maelainin.com\/index.php?rest_route=\/wp\/v2\/pages"}],"about":[{"href":"https:\/\/cheikh-maelainin.com\/index.php?rest_route=\/wp\/v2\/types\/page"}],"author":[{"embeddable":true,"href":"https:\/\/cheikh-maelainin.com\/index.php?rest_route=\/wp\/v2\/users\/1"}],"replies":[{"embeddable":true,"href":"https:\/\/cheikh-maelainin.com\/index.php?rest_route=%2Fwp%2Fv2%2Fcomments&post=135"}],"version-history":[{"count":5,"href":"https:\/\/cheikh-maelainin.com\/index.php?rest_route=\/wp\/v2\/pages\/135\/revisions"}],"predecessor-version":[{"id":8719,"href":"https:\/\/cheikh-maelainin.com\/index.php?rest_route=\/wp\/v2\/pages\/135\/revisions\/8719"}],"wp:attachment":[{"href":"https:\/\/cheikh-maelainin.com\/index.php?rest_route=%2Fwp%2Fv2%2Fmedia&parent=135"}],"curies":[{"name":"wp","href":"https:\/\/api.w.org\/{rel}","templated":true}]}}